{"id":1170,"date":"2025-07-15T09:13:10","date_gmt":"2025-07-15T07:13:10","guid":{"rendered":"https:\/\/campinglabouliniere.com\/activites\/"},"modified":"2026-01-13T10:37:13","modified_gmt":"2026-01-13T09:37:13","slug":"activites","status":"publish","type":"page","link":"https:\/\/campinglabouliniere.com\/en\/activites\/","title":{"rendered":"Activities"},"content":{"rendered":"<div class=\"diaporama-header align-full\"><div class=\"gallery\"><figure class=\"gallery__item\"><picture><source srcset=\"https:\/\/campinglabouliniere.com\/wp-content\/uploads\/2025\/09\/DJI_0614-420x282.webp\" media=\"(max-width: 210px)\"><source srcset=\"https:\/\/campinglabouliniere.com\/wp-content\/uploads\/2025\/09\/DJI_0614-850x572.webp\" media=\"(max-width: 420px)\"><source srcset=\"https:\/\/campinglabouliniere.com\/wp-content\/uploads\/2025\/09\/DJI_0614-768x516.webp\" media=\"(max-width: 850px)\"><source srcset=\"https:\/\/campinglabouliniere.com\/wp-content\/uploads\/2025\/09\/DJI_0614-1024x689.webp\" media=\"(max-width: 1024px)\"><source srcset=\"https:\/\/campinglabouliniere.com\/wp-content\/uploads\/2025\/09\/DJI_0614.webp\" media=\"(min-width: 1025px)\"><img loading=\"lazy\" decoding=\"async\" src=\"https:\/\/campinglabouliniere.com\/wp-content\/uploads\/2025\/09\/DJI_0614-420x282.webp\" width=\"420\" height=\"210\" alt=\"\" title=\"\"><\/picture><\/figure><\/div><div class=\"diaporama-header__inner\"><\/div><\/div><div class=\"columns align-full\"><div class=\"columns__item fade-right texte\"><h1 style=\"color: var(--orange);\">A lively <span class=\"fc-span\">and unforgettable<\/span> vacation <span class=\"fc-span\">at La Boulini\u00e8re<\/span><\/h1><p    >At the 5-star La Boulini\u00e8re campsite on the Ile d&#8217;Ol\u00e9ron, <strong>every day is 100% about<\/strong> laughter, discovery and sharing. In July and August, a rich program of activities and entertainment awaits the whole family.<\/p><div class=\"lireplus fc-desk\"><p    >Read more<\/p><div class=\"group\"><p    ><strong>Mini-club <\/strong>for the kids, <strong>tournaments <\/strong>for the teens, <strong>shows <\/strong>and evening parties&#8230; it&#8217;s impossible to get bored! And to recharge your batteries, take advantage of our gym or treat yourself to a wellness break in our private area with spa, sauna and hammam. Here, everything is designed to combine pleasure, <strong>relaxation <\/strong>and conviviality.<\/p><\/div><\/div><\/div><div class=\"columns__item fade-left media anim-sticky\"><div class=\"gallery height-adapt\"><figure class=\"gallery__item\"><picture><source srcset=\"https:\/\/campinglabouliniere.com\/wp-content\/uploads\/2025\/07\/vacances-animees-420x420.webp\" media=\"(max-width: 210px)\"><source srcset=\"https:\/\/campinglabouliniere.com\/wp-content\/uploads\/2025\/07\/vacances-animees-850x850.webp\" media=\"(max-width: 420px)\"><source srcset=\"https:\/\/campinglabouliniere.com\/wp-content\/uploads\/2025\/07\/vacances-animees-768x768.webp\" media=\"(max-width: 850px)\"><source srcset=\"https:\/\/campinglabouliniere.com\/wp-content\/uploads\/2025\/07\/vacances-animees.webp\" media=\"(max-width: 1024px)\"><source srcset=\"https:\/\/campinglabouliniere.com\/wp-content\/uploads\/2025\/07\/vacances-animees.webp\" media=\"(min-width: 1025px)\"><img decoding=\"async\" src=\"https:\/\/campinglabouliniere.com\/wp-content\/uploads\/2025\/07\/vacances-animees-420x420.webp\" width=\"420\" height=\"210\" loading=\"lazy\" alt=\"\" title=\"\"><\/picture><\/figure><\/div><\/div><\/div><div class=\"group sec-fond vagues align-full has-bg has-gris-bg-color\" style=\"background-color:var(--gris);\"><p class=\"h2 center\" style=\"text-align: center;\"  >Activities and entertainment <span class=\"fc-span\">for everyone<\/span><\/p><ul class=\"pictos big\"><li class=\"fade-up\"><span class=\"fc-icon\"><svg xmlns=\"http:\/\/www.w3.org\/2000\/svg\"  viewBox=\"0 0 640 512\" width=\"16px\" height=\"16px\"><!--! Font Awesome Pro 6.4.2 by @fontawesome - https:\/\/fontawesome.com License - https:\/\/fontawesome.com\/license (Commercial License) Copyright 2023 Fonticons, Inc.--><path d=\"M160 0a64 64 0 1 1 0 128A64 64 0 1 1 160 0zM88 480V400H70.2c-10.9 0-18.6-10.7-15.2-21.1l31.1-93.4L57.5 323.3c-10.7 14.1-30.8 16.8-44.8 6.2s-16.8-30.7-6.2-44.8L65.4 207c22.4-29.6 57.5-47 94.6-47s72.2 17.4 94.6 47l58.9 77.7c10.7 14.1 7.9 34.2-6.2 44.8s-34.2 7.9-44.8-6.2l-28.6-37.8L265 378.9c3.5 10.4-4.3 21.1-15.2 21.1H232v80c0 17.7-14.3 32-32 32s-32-14.3-32-32V400H152v80c0 17.7-14.3 32-32 32s-32-14.3-32-32zM480 0a64 64 0 1 1 0 128A64 64 0 1 1 480 0zm-8 384v96c0 17.7-14.3 32-32 32s-32-14.3-32-32V300.5L395.1 321c-9.4 15-29.2 19.4-44.1 10s-19.4-29.2-10-44.1l51.7-82.1c17.6-27.9 48.3-44.9 81.2-44.9h12.3c33 0 63.7 16.9 81.2 44.9L619.1 287c9.4 15 4.9 34.7-10 44.1s-34.7 4.9-44.1-10L552 300.5V480c0 17.7-14.3 32-32 32s-32-14.3-32-32V384H472z\"\/><\/svg><\/span>  Children&#8217;s entertainment<span class=\"fc-span\"> moments to share<\/span>\n<\/li><li class=\"fade-down\"><span class=\"fc-icon\"><svg xmlns=\"http:\/\/www.w3.org\/2000\/svg\"  viewBox=\"0 0 512 512\" width=\"16px\" height=\"16px\"><!--! Font Awesome Pro 6.4.2 by @fontawesome - https:\/\/fontawesome.com License - https:\/\/fontawesome.com\/license (Commercial License) Copyright 2023 Fonticons, Inc.--><path d=\"M128 0a64 64 0 1 1 0 128A64 64 0 1 1 128 0zM105.6 160h44.8c9.2 0 18.1 1.6 26.4 4.5c-.5 3.8-.8 7.6-.8 11.5c0 24.3 10.9 46.1 28 60.8c-35.7 18.7-60 56.1-60 99.2v16c0 28.4 12.4 54 32 71.6V480c0 6.1 .8 11.9 2.4 17.5c-8.7 9-20.9 14.5-34.4 14.5H112c-26.5 0-48-21.5-48-48V348.3c-26.5-9.5-44.7-35.8-42.2-65.6l4.1-49.3C29.3 191.9 64 160 105.6 160zM368 512c-13.5 0-25.7-5.6-34.4-14.5c1.6-5.6 2.4-11.4 2.4-17.5V423.6c19.6-17.6 32-43.1 32-71.6V336c0-43.1-24.3-80.5-60-99.2c17.1-14.7 28-36.5 28-60.8c0-2.4-.1-4.7-.3-7.1c9.6-5.7 20.8-8.9 32.6-8.9h31.4c28.6 0 53.7 18.9 61.5 46.4l39.1 136.8c5.8 20.4-9.5 40.8-30.8 40.8H448v80c0 26.5-21.5 48-48 48H368zM384 0a64 64 0 1 1 0 128A64 64 0 1 1 384 0zM256 128a48 48 0 1 1 0 96 48 48 0 1 1 0-96zm0 128c44.2 0 80 35.8 80 80v16c0 23.7-12.9 44.4-32 55.4V480c0 17.7-14.3 32-32 32H240c-17.7 0-32-14.3-32-32V407.4c-19.1-11.1-32-31.7-32-55.4V336c0-44.2 35.8-80 80-80z\"\/><\/svg><\/span> <span class=\"fc-span\"> Fun<\/span> family activities<span class=\"fc-span\"> guaranteed<\/span>\n<\/li><li class=\"fade-up\"><span class=\"fc-icon\"><svg xmlns=\"http:\/\/www.w3.org\/2000\/svg\"  viewBox=\"0 0 576 512\" width=\"16px\" height=\"16px\"><!--! Font Awesome Pro 6.4.2 by @fontawesome - https:\/\/fontawesome.com License - https:\/\/fontawesome.com\/license (Commercial License) Copyright 2023 Fonticons, Inc.--><path d=\"M183.1 235.3c33.7 20.7 62.9 48.1 85.8 80.5c7 9.9 13.4 20.3 19.1 31c5.7-10.8 12.1-21.1 19.1-31c22.9-32.4 52.1-59.8 85.8-80.5C437.6 207.8 490.1 192 546 192h9.9c11.1 0 20.1 9 20.1 20.1C576 360.1 456.1 480 308.1 480H288 267.9C119.9 480 0 360.1 0 212.1C0 201 9 192 20.1 192H30c55.9 0 108.4 15.8 153.1 43.3zM301.5 37.6c15.7 16.9 61.1 71.8 84.4 164.6c-38 21.6-71.4 50.8-97.9 85.6c-26.5-34.8-59.9-63.9-97.9-85.6c23.2-92.8 68.6-147.7 84.4-164.6C278 33.9 282.9 32 288 32s10 1.9 13.5 5.6z\"\/><\/svg><\/span>  Moments of well-being <span class=\"fc-span\">100% relaxation<\/span>\n<\/li><\/ul><\/div><div class=\"columns reverse-mob has-bleu-clair-background-color has-background align-full\" style=\"background-color:var(--bleu-clair);\"><div class=\"columns__item fade-left media anim-sticky\"><div class=\"gallery height-adapt\"><figure class=\"gallery__item\"><picture><source srcset=\"\" media=\"(max-width: 210px)\"><source srcset=\"\" media=\"(max-width: 420px)\"><source srcset=\"\" media=\"(max-width: 850px)\"><source srcset=\"\" media=\"(max-width: 1024px)\"><source srcset=\"\" media=\"(min-width: 1025px)\"><img decoding=\"async\" src=\"\" width=\"420\" height=\"210\" loading=\"lazy\" alt=\"\" title=\"\"><\/picture><\/figure><\/div><\/div><div class=\"columns__item fade-right texte vagues\"><h2>Children&#8217;s activities <span class=\"fc-span\">at La Boulini\u00e8re campsite on the Ile d&#8217;Ol\u00e9ron<\/span><\/h2><p    >At the 5-star La Boulini\u00e8re campsite on the Ile d&#8217;Ol\u00e9ron, you&#8217;ll find everything you need for fun-filled days. Entertainment, activities, shows&#8230; there&#8217;s always something to experience, share or discover! Your children will love their summer at the <strong>mini-club<\/strong> (open July and August), with its games, <strong>creative workshops <\/strong>and new friendships.<\/p><div class=\"lireplus fc-desk\"><p    >Read more<\/p><div class=\"group\"><p    >While the younger ones enjoy the playground, the older ones have fun at the sports, water and festive activities on offer during the day. At La Boulini\u00e8re, there&#8217;s never a dull moment&#8230; for kids and parents alike!<\/p><\/div><\/div><div class=\"buttons\"><a href=\"https:\/\/campinglabouliniere.com\/en\/activites\/activites-enfants\/\" rel=\"noreferrer noopener\" rel=\"noreferrer noopener\" class=\"buttons__btn\">Discover children&#8217;s activities<\/a><\/div><\/div><\/div><div class=\"columns align-full\"><div class=\"columns__item fade-right texte sable\"><h2>Leisure and entertainment <span class=\"fc-span\">at our campsite<\/span><\/h2><p    >At the 5-star La Boulini\u00e8re campsite on the Ile d&#8217;Ol\u00e9ron, every day is a promise of <strong>good cheer <\/strong>and <strong>shared moments<\/strong>. From July to August, there&#8217;s entertainment and evening events for the whole family: children, teenagers, parents and grandparents enjoy a summer full of excitement, laughter and memories.<\/p><div class=\"buttons\"><a href=\"https:\/\/campinglabouliniere.com\/en\/activites\/activites-familiales\/\" rel=\"noreferrer noopener\" rel=\"noreferrer noopener\" class=\"buttons__btn\">See family activities<\/a><\/div><\/div><div class=\"columns__item fade-left media anim-sticky\"><div class=\"gallery height-adapt\"><figure class=\"gallery__item\"><picture><source srcset=\"https:\/\/campinglabouliniere.com\/wp-content\/uploads\/2025\/07\/loisirs-animations-420x420.webp\" media=\"(max-width: 210px)\"><source srcset=\"https:\/\/campinglabouliniere.com\/wp-content\/uploads\/2025\/07\/loisirs-animations-850x850.webp\" media=\"(max-width: 420px)\"><source srcset=\"https:\/\/campinglabouliniere.com\/wp-content\/uploads\/2025\/07\/loisirs-animations-768x768.webp\" media=\"(max-width: 850px)\"><source srcset=\"https:\/\/campinglabouliniere.com\/wp-content\/uploads\/2025\/07\/loisirs-animations.webp\" media=\"(max-width: 1024px)\"><source srcset=\"https:\/\/campinglabouliniere.com\/wp-content\/uploads\/2025\/07\/loisirs-animations.webp\" media=\"(min-width: 1025px)\"><img decoding=\"async\" src=\"https:\/\/campinglabouliniere.com\/wp-content\/uploads\/2025\/07\/loisirs-animations-420x420.webp\" width=\"420\" height=\"210\" loading=\"lazy\" alt=\"\" title=\"\"><\/picture><\/figure><\/div><\/div><\/div><div class=\"columns reverse-mob align-full\"><div class=\"columns__item fade-left media anim-sticky\"><div class=\"gallery height-adapt\"><figure class=\"gallery__item\"><picture><source srcset=\"https:\/\/campinglabouliniere.com\/wp-content\/uploads\/2025\/07\/11665423-420x366.jpg.webp\" media=\"(max-width: 210px)\"><source srcset=\"https:\/\/campinglabouliniere.com\/wp-content\/uploads\/2025\/07\/11665423-850x740.jpg.webp\" media=\"(max-width: 420px)\"><source srcset=\"https:\/\/campinglabouliniere.com\/wp-content\/uploads\/2025\/07\/11665423-768x668.jpg.webp\" media=\"(max-width: 850px)\"><source srcset=\"https:\/\/campinglabouliniere.com\/wp-content\/uploads\/2025\/07\/11665423-1024x891.jpg.webp\" media=\"(max-width: 1024px)\"><source srcset=\"https:\/\/campinglabouliniere.com\/wp-content\/uploads\/2025\/07\/11665423.jpg.webp\" media=\"(min-width: 1025px)\"><img decoding=\"async\" src=\"https:\/\/campinglabouliniere.com\/wp-content\/uploads\/2025\/07\/11665423-420x366.jpg.webp\" width=\"420\" height=\"210\" loading=\"lazy\" alt=\"\" title=\"\"><\/picture><\/figure><\/div><\/div><div class=\"columns__item fade-right texte\"><h2 style=\"color: var(--orange);\">Vacations 100% relaxation <span class=\"fc-span\">and well-being on the Ile d&#8217;Ol\u00e9ron<\/span><\/h2><p    >Take advantage of your stay at the 5-star La Boulini\u00e8re campsite on the Ile d&#8217;Ol\u00e9ron to pamper <strong>yourself<\/strong> and recharge your batteries in our wellness and fitness areas. For moments of pure relaxation, reserve our private Wellness Area with spa, sauna and <strong>hammam <\/strong>, and to keep in shape, join our gym with its high-performance equipment.<\/p><div class=\"buttons\"><a href=\"https:\/\/campinglabouliniere.com\/en\/services\/\" rel=\"noreferrer noopener\" rel=\"noreferrer noopener\" class=\"buttons__btn is-style-2\">Discover<\/a><\/div><\/div><\/div>","protected":false},"excerpt":{"rendered":"<p>A lively and unforgettable vacation at La Boulini\u00e8re At the 5-star La Boulini\u00e8re campsite on the Ile d&#8217;Ol\u00e9ron, every day is 100% about laughter, discovery and sharing. In July and August, a rich program of activities and entertainment awaits the whole family. Activities and entertainment for everyone Children&#8217;s activities at La Boulini\u00e8re campsite on the [&hellip;]<\/p>\n","protected":false},"author":1,"featured_media":0,"parent":0,"menu_order":0,"comment_status":"open","ping_status":"open","template":"","meta":{"_acf_changed":false,"footnotes":""},"acf":[],"_links":{"self":[{"href":"https:\/\/campinglabouliniere.com\/en\/wp-json\/wp\/v2\/pages\/1170"}],"collection":[{"href":"https:\/\/campinglabouliniere.com\/en\/wp-json\/wp\/v2\/pages"}],"about":[{"href":"https:\/\/campinglabouliniere.com\/en\/wp-json\/wp\/v2\/types\/page"}],"author":[{"embeddable":true,"href":"https:\/\/campinglabouliniere.com\/en\/wp-json\/wp\/v2\/users\/1"}],"replies":[{"embeddable":true,"href":"https:\/\/campinglabouliniere.com\/en\/wp-json\/wp\/v2\/comments?post=1170"}],"version-history":[{"count":6,"href":"https:\/\/campinglabouliniere.com\/en\/wp-json\/wp\/v2\/pages\/1170\/revisions"}],"predecessor-version":[{"id":1296,"href":"https:\/\/campinglabouliniere.com\/en\/wp-json\/wp\/v2\/pages\/1170\/revisions\/1296"}],"wp:attachment":[{"href":"https:\/\/campinglabouliniere.com\/en\/wp-json\/wp\/v2\/media?parent=1170"}],"curies":[{"name":"wp","href":"https:\/\/api.w.org\/{rel}","templated":true}]}}