{"id":1158,"date":"2025-12-12T16:34:45","date_gmt":"2025-12-12T15:34:45","guid":{"rendered":"https:\/\/campinglabouliniere.com\/nos-engagements-rse\/"},"modified":"2026-01-12T13:39:36","modified_gmt":"2026-01-12T12:39:36","slug":"nos-engagements-rse","status":"publish","type":"page","link":"https:\/\/campinglabouliniere.com\/en\/nos-engagements-rse\/","title":{"rendered":"Our CSR commitments"},"content":{"rendered":"<div class=\"diaporama-header align-full\"><div class=\"gallery\"><figure class=\"gallery__item\"><picture><source srcset=\"https:\/\/campinglabouliniere.com\/wp-content\/uploads\/2025\/12\/ecologie-420x280.webp\" media=\"(max-width: 210px)\"><source srcset=\"https:\/\/campinglabouliniere.com\/wp-content\/uploads\/2025\/12\/ecologie-850x567.webp\" media=\"(max-width: 420px)\"><source srcset=\"https:\/\/campinglabouliniere.com\/wp-content\/uploads\/2025\/12\/ecologie-768x512.webp\" media=\"(max-width: 850px)\"><source srcset=\"https:\/\/campinglabouliniere.com\/wp-content\/uploads\/2025\/12\/ecologie-1024x683.webp\" media=\"(max-width: 1024px)\"><source srcset=\"https:\/\/campinglabouliniere.com\/wp-content\/uploads\/2025\/12\/ecologie.webp\" media=\"(min-width: 1025px)\"><img loading=\"lazy\" decoding=\"async\" src=\"https:\/\/campinglabouliniere.com\/wp-content\/uploads\/2025\/12\/ecologie-420x280.webp\" width=\"420\" height=\"210\" alt=\"\" title=\"\"><\/picture><\/figure><\/div><div class=\"diaporama-header__inner\"><\/div><\/div><div class=\"columns reverse-mob align-full\"><div class=\"columns__item fade-left media anim-sticky\"><div class=\"gallery height-adapt\"><figure class=\"gallery__item\"><picture><source srcset=\"https:\/\/campinglabouliniere.com\/wp-content\/uploads\/2025\/12\/demarche-420x249.webp\" media=\"(max-width: 210px)\"><source srcset=\"https:\/\/campinglabouliniere.com\/wp-content\/uploads\/2025\/12\/demarche-850x503.webp\" media=\"(max-width: 420px)\"><source srcset=\"https:\/\/campinglabouliniere.com\/wp-content\/uploads\/2025\/12\/demarche-768x455.webp\" media=\"(max-width: 850px)\"><source srcset=\"https:\/\/campinglabouliniere.com\/wp-content\/uploads\/2025\/12\/demarche-1024x606.webp\" media=\"(max-width: 1024px)\"><source srcset=\"https:\/\/campinglabouliniere.com\/wp-content\/uploads\/2025\/12\/demarche.webp\" media=\"(min-width: 1025px)\"><img decoding=\"async\" src=\"https:\/\/campinglabouliniere.com\/wp-content\/uploads\/2025\/12\/demarche-420x249.webp\" width=\"420\" height=\"210\" loading=\"lazy\" alt=\"\" title=\"\"><\/picture><\/figure><\/div><\/div><div class=\"columns__item fade-right texte sable\"><h1 style=\"color: var(--bleu);\">Local partners <span class=\"fc-span\">at the heart of your stay<\/span><\/h1><p    >We are committed to supporting local talent and producers. On site, discover the flavors and creations of our local partners: Ferronnier d&#8217;Ol\u00e9ron, Imp\u00e9rio production company, Animaz Science, Mich\u00e8le D\u00e9co, Vignerons d&#8217;Ol\u00e9ron, La Savonni\u00e8re, Bi\u00e8re Ile et Elle, Bullerie d&#8217;Ol\u00e9ron and delicious rillettes from La Villa Marthe, Dupuy preserves, Chokat\u00e9, La\u00ebtitia Tralala jewelry and Retour de Plage. A delicate way of sharing the authenticity and know-how of our island of Oleron.<\/p><\/div><\/div><div class=\"columns has-bleu-clair-background-color has-background align-full\" style=\"background-color:var(--bleu-clair);\"><div class=\"columns__item fade-right texte vagues\"><h2><span class=\"fc-span\">Everyday<\/span> comfort and ecology<\/h2><p    >Our commitment to a responsible holiday includes the use of energy-efficient equipment such as heat pumps, solar panels, LED bulbs and solar lighting, as well as individual meters to keep your water and electricity consumption under control.<\/p><div class=\"lireplus fc-mob\"><p    >Read more<\/p><div class=\"group\"><p    >Waste management is simplified and fun: selective sorting encouraged with a bag offered to each holidaymaker, clean and accessible sorting platform, &#8220;bio bucket&#8221; in each accommodation, sorting of corks, sorting of shellfish and even our mini-farm animals participate in the recycling of food scraps.<\/p><p    >Last but not least, our seasonal guests benefit from comfortable, fully-equipped mobile homes to guarantee a quality welcome all summer long.<\/p><\/div><\/div><\/div><div class=\"columns__item fade-left media anim-sticky\"><div class=\"gallery height-adapt\"><figure class=\"gallery__item\"><picture><source srcset=\"https:\/\/campinglabouliniere.com\/wp-content\/uploads\/2026\/01\/ecologie-camping-bouliniere-420x281.webp\" media=\"(max-width: 210px)\"><source srcset=\"https:\/\/campinglabouliniere.com\/wp-content\/uploads\/2026\/01\/ecologie-camping-bouliniere-850x570.webp\" media=\"(max-width: 420px)\"><source srcset=\"https:\/\/campinglabouliniere.com\/wp-content\/uploads\/2026\/01\/ecologie-camping-bouliniere-768x515.webp\" media=\"(max-width: 850px)\"><source srcset=\"https:\/\/campinglabouliniere.com\/wp-content\/uploads\/2026\/01\/ecologie-camping-bouliniere-1024x686.webp\" media=\"(max-width: 1024px)\"><source srcset=\"https:\/\/campinglabouliniere.com\/wp-content\/uploads\/2026\/01\/ecologie-camping-bouliniere.webp\" media=\"(min-width: 1025px)\"><img decoding=\"async\" src=\"https:\/\/campinglabouliniere.com\/wp-content\/uploads\/2026\/01\/ecologie-camping-bouliniere-420x281.webp\" width=\"420\" height=\"210\" loading=\"lazy\" alt=\"\" title=\"\"><\/picture><\/figure><\/div><\/div><\/div>","protected":false},"excerpt":{"rendered":"<p>Local partners at the heart of your stay We are committed to supporting local talent and producers. On site, discover the flavors and creations of our local partners: Ferronnier d&#8217;Ol\u00e9ron, Imp\u00e9rio production company, Animaz Science, Mich\u00e8le D\u00e9co, Vignerons d&#8217;Ol\u00e9ron, La Savonni\u00e8re, Bi\u00e8re Ile et Elle, Bullerie d&#8217;Ol\u00e9ron and delicious rillettes from La Villa Marthe, Dupuy [&hellip;]<\/p>\n","protected":false},"author":1,"featured_media":0,"parent":0,"menu_order":0,"comment_status":"closed","ping_status":"closed","template":"","meta":{"_acf_changed":false,"footnotes":""},"acf":[],"_links":{"self":[{"href":"https:\/\/campinglabouliniere.com\/en\/wp-json\/wp\/v2\/pages\/1158"}],"collection":[{"href":"https:\/\/campinglabouliniere.com\/en\/wp-json\/wp\/v2\/pages"}],"about":[{"href":"https:\/\/campinglabouliniere.com\/en\/wp-json\/wp\/v2\/types\/page"}],"author":[{"embeddable":true,"href":"https:\/\/campinglabouliniere.com\/en\/wp-json\/wp\/v2\/users\/1"}],"replies":[{"embeddable":true,"href":"https:\/\/campinglabouliniere.com\/en\/wp-json\/wp\/v2\/comments?post=1158"}],"version-history":[{"count":1,"href":"https:\/\/campinglabouliniere.com\/en\/wp-json\/wp\/v2\/pages\/1158\/revisions"}],"predecessor-version":[{"id":1159,"href":"https:\/\/campinglabouliniere.com\/en\/wp-json\/wp\/v2\/pages\/1158\/revisions\/1159"}],"wp:attachment":[{"href":"https:\/\/campinglabouliniere.com\/en\/wp-json\/wp\/v2\/media?parent=1158"}],"curies":[{"name":"wp","href":"https:\/\/api.w.org\/{rel}","templated":true}]}}